{"id":145,"date":"2017-04-04T19:12:37","date_gmt":"2017-04-04T19:12:37","guid":{"rendered":"https:\/\/alquilerdebuses.com\/web-antigua\/demo\/?page_id=145"},"modified":"2020-03-28T22:56:25","modified_gmt":"2020-03-28T22:56:25","slug":"alquiler-de-buses-para-transporte-de-personal","status":"publish","type":"page","link":"https:\/\/alquilerdebuses.com\/web-antigua\/alquiler-de-buses-para-transporte-de-personal\/","title":{"rendered":"Alquiler de buses para Transporte de Personal"},"content":{"rendered":"<p>Transporte de Personal<br \/>\n\t\t\t\t\t\t\t\t\t\t\t\t\t\t\t\t\t\t\t\t\t\t\t\t\t\t\t\t\t\t\t\t\t\t\t\t\t\t\t\tAlquiler de buses para Transporte de Personal<\/p>\n<p><img loading=\"lazy\" width=\"451\" height=\"300\" src=\"https:\/\/alquilerdebuses.com\/web-antigua\/wp-content\/uploads\/2017\/04\/bus_PNG8623.png\" \/><br \/>\n\t\t\t\t\t\t\t\t\t\t\t\t\t\t\t\t\t\t\t <!-- .container --><br \/>\n\t\t\t\t\t\t\t\t <!-- .overlay --><\/p>\n<p><a href=\"#\"><\/p>\n<p>icon<\/p>\n<p>Servicios<\/p>\n<p><\/a><\/p>\n<p><a href=\"#\"><\/p>\n<p>icon<\/p>\n<p>Flota<\/p>\n<p><\/a><\/p>\n<p><a href=\"#\"><\/p>\n<p>icon<\/p>\n<p>\u00bfPorque elegirnos?<\/p>\n<p><\/a><\/p>\n<p><a href=\"#\"><\/p>\n<p>icon<\/p>\n<p>Cont\u00e1ctenos<\/p>\n<p><\/a><\/p>\n<p>AMABLES BUS cubre todas las necesidades de transporte que las empresas requieren para su personal, entre ellas:Transporte de personal en lima y provincias, en horarios y rutas &nbsp; &nbsp;preestablecidas.Transporte para paseos, eventos de integraci\u00f3n, viajes, congresos, &nbsp; &nbsp;ferias, talleres y fiestas de aniversario.Traslados para ejecutivos desde el aeropuerto al hotel o empresa.Alquiler de camionetas 4&#215;4 como maquina seca c\/s conductor.Desarroll\u00e1ndolos con nuestra flota integrada por minivans, coaster, camionetas y buses de servicio tur\u00edstico de hasta 60 asientos.\t\t\t\t\t\t\t\t<\/p>\n<p>AMABLES BUS es una excelente elecci\u00f3n porque siempre estamos en constante innovaci\u00f3n, trabajamos motivados para brindarles un buen servicio y adem\u00e1s premiamos su preferencia.ExperienciaM\u00e1s de 05 a\u00f1os de experiencia en el rubro de transportes, avalados por las empresas con las que trabajamos, nos permiten hoy tener la experiencia necesaria para atenderlos con un servicio de calidad total que superar\u00e1 sus expectativas.SeguridadTodas nuestras unidades tienen poliza de seguro vigente, tarjeta de circulaci\u00f3n e implementos de seguridad vial. Adem\u00e1s todos los asientos tienen cintur\u00f3n de seguridad y nuestros conductores cuentan con brevete profesional A3C.DisponibilidadTenemos aliados estrat\u00e9gicos de transporte en todo lima Matropolitana lo que le garantiza que solucionaremos inmediatamente cualquier emergencia.PREMIAMOS SU PREFERENCIAPor cada movilidad contratada para transporte de personalDe acuerdo al tiempo del contrato le brindaremos en su aniversario, tickets de ingreso a club campestre, vales de consumo en spa, noches de hospedaje en bungalows campestres, descuentos en viajes nacionales y juegos de integraci\u00f3n para su personal.Por cada movilidad contratada para traslado de 1 d\u00edaObtiene 1 ticket de ingreso doble para pasar el d\u00eda en un club campestre.\t\t\t\t\t\t\t\t<\/p>\n<p>Nombres:\t\t\t\t\t\t\t\t\t\t\t\t\t\t\tNombre\t\t\t\t\t\t\t\t\t\t\t\t\t\t\t\t\t\t\t\t\t\t\t\t\tApellido\t\t\t\t\t\t\t\t\t\tEmpresaDistritoTel\u00e9fonoE-mailMensajeEnviarReset\t\t\t\t\t\t\t\t<\/p>\n","protected":false},"excerpt":{"rendered":"<p class=\"excerpt\">Transporte de Personal Alquiler de buses para Transporte de Personal icon Servicios icon Flota icon \u00bfPorque elegirnos? icon Cont\u00e1ctenos AMABLES BUS cubre todas las necesidades de transporte que las empresas requieren para su personal, entre ellas:Transporte de personal en lima y provincias, en horarios y rutas &nbsp; &nbsp;preestablecidas.Transporte para paseos, eventos de integraci\u00f3n, viajes, congresos, [&hellip;]<\/p>\n","protected":false},"author":1,"featured_media":0,"parent":0,"menu_order":0,"comment_status":"open","ping_status":"open","template":"builder.php","meta":[],"yst_prominent_words":[32,24,42,94,8,40,36,27,38,17,93,25,95,47,39,16,11,7,37,96],"_links":{"self":[{"href":"https:\/\/alquilerdebuses.com\/web-antigua\/wp-json\/wp\/v2\/pages\/145"}],"collection":[{"href":"https:\/\/alquilerdebuses.com\/web-antigua\/wp-json\/wp\/v2\/pages"}],"about":[{"href":"https:\/\/alquilerdebuses.com\/web-antigua\/wp-json\/wp\/v2\/types\/page"}],"author":[{"embeddable":true,"href":"https:\/\/alquilerdebuses.com\/web-antigua\/wp-json\/wp\/v2\/users\/1"}],"replies":[{"embeddable":true,"href":"https:\/\/alquilerdebuses.com\/web-antigua\/wp-json\/wp\/v2\/comments?post=145"}],"version-history":[{"count":14,"href":"https:\/\/alquilerdebuses.com\/web-antigua\/wp-json\/wp\/v2\/pages\/145\/revisions"}],"predecessor-version":[{"id":285,"href":"https:\/\/alquilerdebuses.com\/web-antigua\/wp-json\/wp\/v2\/pages\/145\/revisions\/285"}],"wp:attachment":[{"href":"https:\/\/alquilerdebuses.com\/web-antigua\/wp-json\/wp\/v2\/media?parent=145"}],"wp:term":[{"taxonomy":"yst_prominent_words","embeddable":true,"href":"https:\/\/alquilerdebuses.com\/web-antigua\/wp-json\/wp\/v2\/yst_prominent_words?post=145"}],"curies":[{"name":"wp","href":"https:\/\/api.w.org\/{rel}","templated":true}]}}