{"id":107,"date":"2017-04-04T01:57:55","date_gmt":"2017-04-04T01:57:55","guid":{"rendered":"https:\/\/alquilerdebuses.com\/web-antigua\/demo\/?page_id=107"},"modified":"2020-03-28T22:56:26","modified_gmt":"2020-03-28T22:56:26","slug":"empresa-de-alquiler-de-buses-en-lima","status":"publish","type":"page","link":"https:\/\/alquilerdebuses.com\/web-antigua\/empresa-de-alquiler-de-buses-en-lima\/","title":{"rendered":"Nosotros"},"content":{"rendered":"<p>Nosotros\t\t\t\t\t\t\t\t\t\t\t\t\t\t<\/p>\n<p><img loading=\"lazy\" width=\"416\" height=\"280\" src=\"https:\/\/alquilerdebuses.com\/web-antigua\/wp-content\/uploads\/2017\/04\/Business-Free-Download-PNG.png\" \/><br \/>\n\t\t\t\t\t\t\t\t\t\t\t\t\t\t\t\t\t\t\t <!-- .container --><br \/>\n\t\t\t\t\t\t\t\t <!-- .overlay --><\/p>\n<p><a href=\"#\"><\/p>\n<p>icon<\/p>\n<p>\u00bfQuienes Somos?<\/p>\n<p><\/a><\/p>\n<p><a href=\"#\"><\/p>\n<p>icon<\/p>\n<p>Visi\u00f3n &#8211; Misi\u00f3n<\/p>\n<p><\/a><\/p>\n<p><a href=\"#\"><\/p>\n<p>icon<\/p>\n<p>\u00bfPorque elegirnos?<\/p>\n<p><\/a><\/p>\n<p>CONSORCIO AMABLES BUS S.A.C\u00a0es una empresa formal dedicada al servicio de transporte tur\u00edstico a nivel nacional.NUESTRA MODERNA FLOTA DE VEHICULOS est\u00e1 integrada por camionetas 4&#215;4, vans, coaster, minibuses y buses que cubren todas las necesidades de transportes de las empresas, colegios, universidades e instituciones, entre ellas:Transporte de personal seg\u00fan horarios y rutas establecidas.Transporte para paseos y excursiones.Transporte para viajes largos a todo el Per\u00fa.Traslados al aeropuerto.Alquiler de camionetas 4&#215;4, minibuses y buses como m\u00e1quina seca c\/s conductor.Transporte para todo tipo de eventos especiales.NUESTRO EQUIPO DE PROFESIONALES est\u00e1n comprometidos, motivados y dispuestos a estar siempre atentos para tratar con usted de manera amable y cordial de principio a fin.\t\t\t\t\t\t\t\t<\/p>\n<p>Misi\u00f3nNuestra Misi\u00f3n es desarrollarnos, posicionarnos y consolidarnos como empresa l\u00edder en el rubro de transportes.Visi\u00f3nSer una empresa l\u00edder en el mercado de transporte tur\u00edstico, reconocida por su excelencia en el buen servicio.ValoresAmabilidadResponsabilidadHonestidadRespetoPuntualidadTrabajo en Equipo\t\t\t\t\t\t\t\t<\/p>\n<p>7 motivos importantes que demuestran que Amables Bus es su mejor elecci\u00f3n:1. PREMIAMOS SU PREFERENCIA. Por cada movilidad contratada usted recibe 01 ticket doble para pasar el d\u00eda en un club campestre.2. NO COBRAMOS PENALIDADES en caso de postergaciones o disminuci\u00f3n de los buses siempre y cuando nos avise con 1 d\u00eda de anticipaci\u00f3n.3. SIEMPRE LOS AYUDAREMOS cuando necesiten m\u00e1s movilidades a \u00faltimo momento porque somos su proveedor de transportes.4. LLEGAMOS A DONDE USTED NOS NECESITE porque tenemos una ubicaci\u00f3n privilegiada que nos permite llegar a todo Lima Metropolitana para brindarle nuestros servicios siempre a un precio justo.5. COTIZAMOS INMEDIATAMENTE las movilidades que necesita.6. FLOTA DE VEH\u00cdCULOS NUEVOS Y SEMINUEVOScompuestos por buses, minibuses, autos y camionetas. Todas con soat vigente, tarjeta de circulaci\u00f3n e implementos de seguridad vial.7. NUESTROS CONDUCTORES\u00a0los atender\u00e1n con amabilidad, respeto y buena atenci\u00f3n de principio a fin.\t\t\t\t\t\t\t\t<\/p>\n","protected":false},"excerpt":{"rendered":"<p class=\"excerpt\">Nosotros icon \u00bfQuienes Somos? icon Visi\u00f3n &#8211; Misi\u00f3n icon \u00bfPorque elegirnos? CONSORCIO AMABLES BUS S.A.C\u00a0es una empresa formal dedicada al servicio de transporte tur\u00edstico a nivel nacional.NUESTRA MODERNA FLOTA DE VEHICULOS est\u00e1 integrada por camionetas 4&#215;4, vans, coaster, minibuses y buses que cubren todas las necesidades de transportes de las empresas, colegios, universidades e instituciones, [&hellip;]<\/p>\n","protected":false},"author":1,"featured_media":0,"parent":0,"menu_order":0,"comment_status":"open","ping_status":"open","template":"builder.php","meta":[],"yst_prominent_words":[33,32,24,94,8,27,22,12,21,29,93,25,26,20,35,30,19,7,23,34],"_links":{"self":[{"href":"https:\/\/alquilerdebuses.com\/web-antigua\/wp-json\/wp\/v2\/pages\/107"}],"collection":[{"href":"https:\/\/alquilerdebuses.com\/web-antigua\/wp-json\/wp\/v2\/pages"}],"about":[{"href":"https:\/\/alquilerdebuses.com\/web-antigua\/wp-json\/wp\/v2\/types\/page"}],"author":[{"embeddable":true,"href":"https:\/\/alquilerdebuses.com\/web-antigua\/wp-json\/wp\/v2\/users\/1"}],"replies":[{"embeddable":true,"href":"https:\/\/alquilerdebuses.com\/web-antigua\/wp-json\/wp\/v2\/comments?post=107"}],"version-history":[{"count":127,"href":"https:\/\/alquilerdebuses.com\/web-antigua\/wp-json\/wp\/v2\/pages\/107\/revisions"}],"predecessor-version":[{"id":758,"href":"https:\/\/alquilerdebuses.com\/web-antigua\/wp-json\/wp\/v2\/pages\/107\/revisions\/758"}],"wp:attachment":[{"href":"https:\/\/alquilerdebuses.com\/web-antigua\/wp-json\/wp\/v2\/media?parent=107"}],"wp:term":[{"taxonomy":"yst_prominent_words","embeddable":true,"href":"https:\/\/alquilerdebuses.com\/web-antigua\/wp-json\/wp\/v2\/yst_prominent_words?post=107"}],"curies":[{"name":"wp","href":"https:\/\/api.w.org\/{rel}","templated":true}]}}